{"id":6062,"date":"2022-12-21T12:46:31","date_gmt":"2022-12-21T11:46:31","guid":{"rendered":"http:\/\/staging.q-flame.com\/?page_id=6062"},"modified":"2023-02-10T10:17:37","modified_gmt":"2023-02-10T09:17:37","slug":"qprotection","status":"publish","type":"page","link":"https:\/\/qflame.com\/fr\/qprotection\/","title":{"rendered":"QProtection"},"content":{"rendered":"<div class=\"wpb-content-wrapper\"><div id=\"entry-mobile-section\" class=\"section-element fullwidth\"><div class=\"row\"><div class=\"wpb_column column_container col-sm-12 vc_hidden-lg vc_col-xs-12\"><div class=\"vc_column-inner\"><div class=\"wpb_wrapper\">\n\t<div  class=\"wpb_single_image wpb_content_element vc_align_left wpb_content_element\">\n\t\t\n\t\t<figure class=\"wpb_wrapper vc_figure\">\n\t\t\t<div class=\"vc_single_image-wrapper   vc_box_border_grey\"><img loading=\"lazy\" decoding=\"async\" width=\"1920\" height=\"1920\" src=\"https:\/\/qflame.com\/wp-content\/uploads\/2022\/12\/i-qflame-qprotection-light-product-1.jpg\" class=\"vc_single_image-img attachment-full\" alt=\"\" title=\"i-qflame-qprotection-light-produit-1\" srcset=\"https:\/\/qflame.com\/wp-content\/uploads\/2022\/12\/i-qflame-qprotection-light-product-1.jpg 1920w, https:\/\/qflame.com\/wp-content\/uploads\/2022\/12\/i-qflame-qprotection-light-product-1-300x300.jpg 300w, https:\/\/qflame.com\/wp-content\/uploads\/2022\/12\/i-qflame-qprotection-light-product-1-100x100.jpg 100w, https:\/\/qflame.com\/wp-content\/uploads\/2022\/12\/i-qflame-qprotection-light-product-1-600x600.jpg 600w, https:\/\/qflame.com\/wp-content\/uploads\/2022\/12\/i-qflame-qprotection-light-product-1-1024x1024.jpg 1024w, https:\/\/qflame.com\/wp-content\/uploads\/2022\/12\/i-qflame-qprotection-light-product-1-150x150.jpg 150w, https:\/\/qflame.com\/wp-content\/uploads\/2022\/12\/i-qflame-qprotection-light-product-1-768x768.jpg 768w, https:\/\/qflame.com\/wp-content\/uploads\/2022\/12\/i-qflame-qprotection-light-product-1-1536x1536.jpg 1536w, https:\/\/qflame.com\/wp-content\/uploads\/2022\/12\/i-qflame-qprotection-light-product-1-1170x1170.jpg 1170w\" sizes=\"auto, (max-width: 1920px) 100vw, 1920px\" \/><\/div>\n\t\t<\/figure>\n\t<\/div>\n<div class=\"vc_row wpb_row vc_inner vc_row-fluid bg-rot\"><div class=\"wpb_column column_container col-sm-12\"><div class=\"vc_column-inner\"><div class=\"wpb_wrapper\">\n\t<div class=\"wpb_text_column wpb_content_element\" >\n\t\t<div class=\"wpb_wrapper\">\n\t\t\t<h1>QProtection<\/h1>\n<p>La protection contre les intemp\u00e9ries QProtection r\u00e9sistante \u00e0 l&#039;eau prot\u00e8ge contre la salet\u00e9 et la poussi\u00e8re, garantissant ainsi un plaisir durable de votre brasero QFlame. Les braseros sont con\u00e7us pour une utilisation ext\u00e9rieure toute l&#039;ann\u00e9e, mais le vent et les intemp\u00e9ries peuvent avoir un impact n\u00e9gatif sur la surface du brasero sur une longue p\u00e9riode. M\u00eame si le verre de quartz est un mat\u00e9riau extr\u00eamement robuste, la protection contre les intemp\u00e9ries incluse prot\u00e8ge de mani\u00e8re fiable contre d&#039;\u00e9ventuelles rayures et garantit ainsi un plaisir durable.<\/p>\n\n\t\t<\/div>\n\t<\/div>\n<div class=\"vc_btn3-container  a-button vc_btn3-inline vc_do_btn\" ><a class=\"vc_general vc_btn3 vc_btn3-size-md vc_btn3-shape-rounded vc_btn3-style-modern vc_btn3-color-grey\" href=\"https:\/\/qflame.com\/fr\/devenir-revendeur\/\" title=\"Devenir revendeur\">Devenez revendeur maintenant<\/a><\/div><\/div><\/div><\/div><\/div><\/div><\/div><\/div><\/div><\/div><div id=\"entry-section\" class=\"section-element banner-fullwidth fullwidth\"><div class=\"row\"><div class=\"wpb_column column_container col-sm-12\"><div class=\"vc_column-inner\"><div class=\"wpb_wrapper\"><div class=\"vc_row wpb_row vc_inner vc_row-fluid vc_row-o-equal-height vc_row-o-content-middle vc_row-flex\"><div class=\"trenner-oben-unten wpb_column column_container col-sm-6 vc_col-has-fill\"><div class=\"vc_column-inner vc_custom_1675953938700\"><div class=\"wpb_wrapper\"><\/div><\/div><\/div><div class=\"bg-rot wpb_column column_container col-sm-6\"><div class=\"vc_column-inner\"><div class=\"wpb_wrapper\">\n\t<div class=\"wpb_text_column wpb_content_element\" >\n\t\t<div class=\"wpb_wrapper\">\n\t\t\t<h1>QProtection<\/h1>\n<p>La protection contre les intemp\u00e9ries QProtection r\u00e9sistante \u00e0 l&#039;eau prot\u00e8ge contre la salet\u00e9 et la poussi\u00e8re, garantissant ainsi un plaisir durable de votre brasero QFlame. Les braseros sont con\u00e7us pour une utilisation ext\u00e9rieure toute l&#039;ann\u00e9e, mais le vent et les intemp\u00e9ries peuvent avoir un impact n\u00e9gatif sur la surface du brasero sur une longue p\u00e9riode. M\u00eame si le verre de quartz est un mat\u00e9riau extr\u00eamement robuste, la protection contre les intemp\u00e9ries incluse prot\u00e8ge de mani\u00e8re fiable contre d&#039;\u00e9ventuelles rayures et garantit ainsi un plaisir durable.<\/p>\n\n\t\t<\/div>\n\t<\/div>\n<div class=\"vc_btn3-container  a-button vc_btn3-inline vc_do_btn\" ><a class=\"vc_general vc_btn3 vc_btn3-size-md vc_btn3-shape-rounded vc_btn3-style-modern vc_btn3-color-grey\" href=\"https:\/\/qflame.com\/fr\/devenir-revendeur\/\" title=\"Devenir revendeur\">Devenez revendeur maintenant<\/a><\/div><\/div><\/div><\/div><\/div><\/div><\/div><\/div><\/div><\/div><div class=\"section-element vc_custom_1671042037989\"><div class=\"container\"><div class=\"row\"><div class=\"wpb_column column_container col-sm-12\"><div class=\"vc_column-inner\"><div class=\"wpb_wrapper\"><div class=\"vc_row wpb_row vc_inner vc_row-fluid\"><div class=\"wpb_column column_container col-sm-2\"><div class=\"vc_column-inner\"><div class=\"wpb_wrapper\"><\/div><\/div><\/div><div class=\"wpb_column column_container col-sm-8\"><div class=\"vc_column-inner\"><div class=\"wpb_wrapper\"><h3 style=\"color: #ec6839;text-align: left\" class=\"vc_custom_heading\">Protection contre les intemp\u00e9ries QProtection pour un plaisir longue dur\u00e9e.<\/h3>\n\t<div class=\"wpb_text_column wpb_content_element vc_custom_1673009607979\" >\n\t\t<div class=\"wpb_wrapper\">\n\t\t\t<p>Vous pouvez facilement glisser la protection contre les intemp\u00e9ries QProtection sur le bol et la fixer avec les cordons d&#039;ourlet \u00e9lastiques sur la face inf\u00e9rieure afin qu&#039;elle repose fermement sur votre bol \u00e0 feu m\u00eame par temps venteux. La housse de protection imperm\u00e9able est incluse gratuitement avec chaque brasero, \u00e0 l&#039;exception du QFlame Set Table. Chaque protection contre les intemp\u00e9ries QProtection est fabriqu\u00e9e sur mesure pour s&#039;adapter aux ensembles afin de garantir un ajustement optionnel et une installation facile.<\/p>\n\n\t\t<\/div>\n\t<\/div>\n<\/div><\/div><\/div><div class=\"wpb_column column_container col-sm-2\"><div class=\"vc_column-inner\"><div class=\"wpb_wrapper\"><\/div><\/div><\/div><\/div><\/div><\/div><\/div><\/div><\/div><\/div><div data-vc-full-width=\"true\" data-vc-full-width-init=\"false\" class=\"section-element vc_row-o-full-height vc_row-o-columns-middle vc_row-o-equal-height vc_row-o-content-middle vc_row-flex\"><div class=\"container\"><div class=\"row\"><div class=\"wpb_column column_container col-sm-12\"><div class=\"vc_column-inner\"><div class=\"wpb_wrapper\"><h3 style=\"text-align: center\" class=\"vc_custom_heading vc_custom_1673009641668\">La protection contre les intemp\u00e9ries QProtection<br \/>\nest disponible en cinq tailles.<\/h3><\/div><\/div><\/div><\/div><\/div><\/div><div class=\"vc_row-full-width vc_clearfix\"><\/div><div class=\"section-element vc_row-o-equal-height vc_row-o-content-top vc_row-flex\"><div class=\"container\"><div class=\"row\"><div class=\"wpb_column column_container col-sm-12\"><div class=\"vc_column-inner\"><div class=\"wpb_wrapper\">\n\t<div  class=\"wpb_single_image wpb_content_element vc_align_center wpb_content_element\">\n\t\t\n\t\t<figure class=\"wpb_wrapper vc_figure\">\n\t\t\t<div class=\"vc_single_image-wrapper   vc_box_border_grey\"><img loading=\"lazy\" decoding=\"async\" width=\"1024\" height=\"1024\" src=\"https:\/\/qflame.com\/wp-content\/uploads\/2022\/12\/i-qflame-qprotection-light-product-1-1024x1024.jpg\" class=\"vc_single_image-img attachment-large\" alt=\"\" title=\"i-qflame-qprotection-light-produit-1\" srcset=\"https:\/\/qflame.com\/wp-content\/uploads\/2022\/12\/i-qflame-qprotection-light-product-1-1024x1024.jpg 1024w, https:\/\/qflame.com\/wp-content\/uploads\/2022\/12\/i-qflame-qprotection-light-product-1-300x300.jpg 300w, https:\/\/qflame.com\/wp-content\/uploads\/2022\/12\/i-qflame-qprotection-light-product-1-100x100.jpg 100w, https:\/\/qflame.com\/wp-content\/uploads\/2022\/12\/i-qflame-qprotection-light-product-1-600x600.jpg 600w, https:\/\/qflame.com\/wp-content\/uploads\/2022\/12\/i-qflame-qprotection-light-product-1-150x150.jpg 150w, https:\/\/qflame.com\/wp-content\/uploads\/2022\/12\/i-qflame-qprotection-light-product-1-768x768.jpg 768w, https:\/\/qflame.com\/wp-content\/uploads\/2022\/12\/i-qflame-qprotection-light-product-1-1536x1536.jpg 1536w, https:\/\/qflame.com\/wp-content\/uploads\/2022\/12\/i-qflame-qprotection-light-product-1-1170x1170.jpg 1170w, https:\/\/qflame.com\/wp-content\/uploads\/2022\/12\/i-qflame-qprotection-light-product-1.jpg 1920w\" sizes=\"auto, (max-width: 1024px) 100vw, 1024px\" \/><\/div>\n\t\t<\/figure>\n\t<\/div>\n<div class=\"vc_row wpb_row vc_inner vc_row-fluid\"><div class=\"wpb_column column_container col-sm-12\"><div class=\"vc_column-inner vc_custom_1671044111429\"><div class=\"wpb_wrapper\"><h3 style=\"text-align: center\" class=\"vc_custom_heading font-rot vc_custom_1675348711773\">Tailles disponibles :<\/h3>\n\t<div class=\"wpb_text_column wpb_content_element vc_custom_1675945611994\" >\n\t\t<div class=\"wpb_wrapper\">\n\t\t\t<p style=\"text-align: center;\"><strong>QProtection 40 :<\/strong> \u2205 40 cm \u00d7 35 cm (h)<\/p>\n<p style=\"text-align: center;\"><strong>QProtection 54 :<\/strong> \u2205 54 cm \u00d7 50 cm (h)<\/p>\n<p style=\"text-align: center;\"><strong>QProtection 60 :<\/strong> \u2205 60 cm \u00d7 55 cm (h)<\/p>\n<p style=\"text-align: center;\"><strong>QProtection 68 :<\/strong> \u2205 68 cm \u00d7 60 cm (h)<\/p>\n<p style=\"text-align: center;\"><strong>QProtection 75 :<\/strong> \u2205 75 cm \u00d7 70 cm (h)<\/p>\n\n\t\t<\/div>\n\t<\/div>\n<\/div><\/div><\/div><\/div><\/div><\/div><\/div><\/div><\/div><\/div><div class=\"section-element\"><div class=\"container\"><div class=\"row\"><div class=\"wpb_column column_container col-sm-12\"><div class=\"vc_column-inner\"><div class=\"wpb_wrapper\"><h3 style=\"text-align: center\" class=\"vc_custom_heading\">Actuellement disponible uniquement avec QFlame Pure ou QFlame Sets.<\/h3><div class=\"vc_btn3-container vc_btn3-center vc_do_btn\" ><a class=\"vc_general vc_btn3 vc_btn3-size-md vc_btn3-shape-rounded vc_btn3-style-modern vc_btn3-color-grey\" href=\"\/fr\/ensemble-qflame-classique\/\" title=\"Ensemble QFlame Classique\">Vers le QFlame Set Classic<\/a><\/div><\/div><\/div><\/div><\/div><\/div><\/div><div data-vc-full-width=\"true\" data-vc-full-width-init=\"false\" class=\"section-element vc_custom_1670947653273 vc_row-o-full-height vc_row-o-columns-middle vc_row-o-equal-height vc_row-o-content-middle vc_row-flex\"><div class=\"container\"><div class=\"row\"><div class=\"wpb_column column_container col-sm-12\"><div class=\"vc_column-inner\"><div class=\"wpb_wrapper\"><div class=\"vc_row wpb_row vc_inner vc_row-fluid vc_row-o-content-middle vc_row-flex\"><div class=\"wpb_column column_container col-sm-12 vc_col-has-fill\"><div class=\"vc_column-inner vc_custom_1670947686984\"><div class=\"wpb_wrapper\"><h3 style=\"text-align: center\" class=\"vc_custom_heading\">Avez-vous d\u2019autres questions ?<br \/>\n\u00c9crivez-nous ou consultez notre FAQ.<\/h3><div class=\"vc_btn3-container vc_btn3-center vc_custom_1676020653739 vc_do_btn\" ><a class=\"vc_general vc_btn3 vc_btn3-size-md vc_btn3-shape-rounded vc_btn3-style-modern vc_btn3-color-grey\" href=\"https:\/\/qflame.com\/fr\/qset\/\" title=\"\">Vers la FAQ<\/a><\/div><\/div><\/div><\/div><\/div><\/div><\/div><\/div><\/div><\/div><\/div><div class=\"vc_row-full-width vc_clearfix\"><\/div><div class=\"section-element\"><div class=\"container\"><div class=\"row\"><div class=\"wpb_column column_container col-sm-12\"><div class=\"vc_column-inner\"><div class=\"wpb_wrapper\"><h3 style=\"text-align: center\" class=\"vc_custom_heading\">Autres produits<\/h3><div class=\"vc_row wpb_row vc_inner vc_row-fluid\"><div class=\"wpb_column column_container col-sm-4\"><div class=\"vc_column-inner\"><div class=\"wpb_wrapper\"><h3 style=\"color: #ec6839;text-align: center\" class=\"vc_custom_heading\">QFlame Pure<\/h3><h4 style=\"text-align: center\" class=\"vc_custom_heading vc_custom_1674040410002\">D\u00e9couvrez-en plus sur nos braseros en verre de haute qualit\u00e9.<\/h4>\n\t<div  class=\"wpb_single_image wpb_content_element vc_align_center wpb_content_element vc_custom_1674046588955\">\n\t\t\n\t\t<figure class=\"wpb_wrapper vc_figure\">\n\t\t\t<div class=\"vc_single_image-wrapper   vc_box_border_grey\"><img loading=\"lazy\" decoding=\"async\" width=\"800\" height=\"800\" src=\"https:\/\/qflame.com\/wp-content\/uploads\/2021\/05\/qflame-schale-71-2.jpg\" class=\"vc_single_image-img attachment-full\" alt=\"\" title=\"qflame-bowl-71\" srcset=\"https:\/\/qflame.com\/wp-content\/uploads\/2021\/05\/qflame-schale-71-2.jpg 800w, https:\/\/qflame.com\/wp-content\/uploads\/2021\/05\/qflame-schale-71-2-300x300.jpg 300w, https:\/\/qflame.com\/wp-content\/uploads\/2021\/05\/qflame-schale-71-2-100x100.jpg 100w, https:\/\/qflame.com\/wp-content\/uploads\/2021\/05\/qflame-schale-71-2-600x600.jpg 600w, https:\/\/qflame.com\/wp-content\/uploads\/2021\/05\/qflame-schale-71-2-150x150.jpg 150w, https:\/\/qflame.com\/wp-content\/uploads\/2021\/05\/qflame-schale-71-2-768x768.jpg 768w\" sizes=\"auto, (max-width: 800px) 100vw, 800px\" \/><\/div>\n\t\t<\/figure>\n\t<\/div>\n<div class=\"vc_btn3-container vc_btn3-center vc_custom_1674040925830 vc_do_btn\" ><a class=\"vc_general vc_btn3 vc_btn3-size-md vc_btn3-shape-rounded vc_btn3-style-modern vc_btn3-color-grey\" href=\"http:\/\/qflame.com\/fr\/qflame-pure\/\" title=\"QFlame Pure\">au produit<\/a><\/div><\/div><\/div><\/div><div class=\"wpb_column column_container col-sm-4\"><div class=\"vc_column-inner\"><div class=\"wpb_wrapper\"><h3 style=\"color: #ec6839;text-align: center\" class=\"vc_custom_heading\">Ensemble QFlame<\/h3><h4 style=\"text-align: center\" class=\"vc_custom_heading vc_custom_1674040419416\">Le bon ensemble de braseros en verre pour chaque application.<\/h4>\n\t<div  class=\"wpb_single_image wpb_content_element vc_align_center wpb_content_element vc_custom_1674046597174\">\n\t\t\n\t\t<figure class=\"wpb_wrapper vc_figure\">\n\t\t\t<div class=\"vc_single_image-wrapper   vc_box_border_grey\"><img loading=\"lazy\" decoding=\"async\" width=\"800\" height=\"800\" src=\"https:\/\/qflame.com\/wp-content\/uploads\/2021\/05\/qflame-set-edelstahl-56-2.jpg\" class=\"vc_single_image-img attachment-full\" alt=\"\" title=\"qflame-set-acier-inoxydable-56\" srcset=\"https:\/\/qflame.com\/wp-content\/uploads\/2021\/05\/qflame-set-edelstahl-56-2.jpg 800w, https:\/\/qflame.com\/wp-content\/uploads\/2021\/05\/qflame-set-edelstahl-56-2-300x300.jpg 300w, https:\/\/qflame.com\/wp-content\/uploads\/2021\/05\/qflame-set-edelstahl-56-2-100x100.jpg 100w, https:\/\/qflame.com\/wp-content\/uploads\/2021\/05\/qflame-set-edelstahl-56-2-600x600.jpg 600w, https:\/\/qflame.com\/wp-content\/uploads\/2021\/05\/qflame-set-edelstahl-56-2-150x150.jpg 150w, https:\/\/qflame.com\/wp-content\/uploads\/2021\/05\/qflame-set-edelstahl-56-2-768x768.jpg 768w\" sizes=\"auto, (max-width: 800px) 100vw, 800px\" \/><\/div>\n\t\t<\/figure>\n\t<\/div>\n<div class=\"vc_btn3-container vc_btn3-center vc_custom_1674040977236 vc_do_btn\" ><a class=\"vc_general vc_btn3 vc_btn3-size-md vc_btn3-shape-rounded vc_btn3-style-modern vc_btn3-color-grey\" href=\"http:\/\/qflame.com\/fr\/qflame-set-classic-stainless-steel\/\" title=\"Ensemble QFlame classique en acier inoxydable\">au produit<\/a><\/div><\/div><\/div><\/div><div class=\"wpb_column column_container col-sm-4\"><div class=\"vc_column-inner\"><div class=\"wpb_wrapper\"><h3 style=\"color: #ec6839;text-align: center\" class=\"vc_custom_heading\">Table de service QFlame<\/h3><h4 style=\"text-align: center\" class=\"vc_custom_heading vc_custom_1674045991598\">Parfait pour votre balcon ou votre table de terrasse : nos ensembles de braseros de table.<\/h4>\n\t<div  class=\"wpb_single_image wpb_content_element vc_align_center wpb_content_element vc_custom_1674046604956\">\n\t\t\n\t\t<figure class=\"wpb_wrapper vc_figure\">\n\t\t\t<div class=\"vc_single_image-wrapper   vc_box_border_grey\"><img loading=\"lazy\" decoding=\"async\" width=\"800\" height=\"800\" src=\"https:\/\/qflame.com\/wp-content\/uploads\/2023\/01\/QTable_wei\u00dfer-Rahmen.jpg\" class=\"vc_single_image-img attachment-full\" alt=\"\" title=\"QTable_bordure blanche\" srcset=\"https:\/\/qflame.com\/wp-content\/uploads\/2023\/01\/QTable_wei\u00dfer-Rahmen.jpg 800w, https:\/\/qflame.com\/wp-content\/uploads\/2023\/01\/QTable_wei\u00dfer-Rahmen-300x300.jpg 300w, https:\/\/qflame.com\/wp-content\/uploads\/2023\/01\/QTable_wei\u00dfer-Rahmen-100x100.jpg 100w, https:\/\/qflame.com\/wp-content\/uploads\/2023\/01\/QTable_wei\u00dfer-Rahmen-600x600.jpg 600w, https:\/\/qflame.com\/wp-content\/uploads\/2023\/01\/QTable_wei\u00dfer-Rahmen-150x150.jpg 150w, https:\/\/qflame.com\/wp-content\/uploads\/2023\/01\/QTable_wei\u00dfer-Rahmen-768x768.jpg 768w\" sizes=\"auto, (max-width: 800px) 100vw, 800px\" \/><\/div>\n\t\t<\/figure>\n\t<\/div>\n<div class=\"vc_btn3-container vc_btn3-center vc_custom_1674040992336 vc_do_btn\" ><a class=\"vc_general vc_btn3 vc_btn3-size-md vc_btn3-shape-rounded vc_btn3-style-modern vc_btn3-color-grey\" href=\"http:\/\/qflame.com\/fr\/table-a-manger-qflame\/\" title=\"Table de service QFlame\">au produit<\/a><\/div><\/div><\/div><\/div><\/div><\/div><\/div><\/div><\/div><\/div><\/div><div class=\"section-element\"><div class=\"container\"><div class=\"row\"><div class=\"wpb_column column_container col-sm-12\"><div class=\"vc_column-inner\"><div class=\"wpb_wrapper\"><div class=\"vc_row wpb_row vc_inner vc_row-fluid vc_row-o-content-middle vc_row-flex\"><div class=\"wpb_column column_container col-sm-12 vc_col-has-fill\"><div class=\"vc_column-inner vc_custom_1670947686984\"><div class=\"wpb_wrapper\"><h3 style=\"text-align: center\" class=\"vc_custom_heading\">Nos conseils d&#039;entretien.<br \/>\nCela gardera votre QFlame comme neuf.<\/h3><div class=\"vc_btn3-container  cc-btn vc_btn3-center vc_custom_1670951599514 vc_do_btn\" ><a class=\"vc_general vc_btn3 vc_btn3-size-lg vc_btn3-shape-rounded vc_btn3-style-modern vc_btn3-color-grey\" href=\"https:\/\/qflame.com\/wp-content\/uploads\/2020\/07\/190505_qf_flyer_pflegehinweis_multi_rz.pdf\" title=\"\" target=\"_blank\">Conseils d&#039;entretien<\/a><\/div><\/div><\/div><\/div><\/div><\/div><\/div><\/div><\/div><\/div><\/div>\n<\/div>","protected":false},"excerpt":{"rendered":"QProtection Der wasserresistente QProtection Wetterschutz schu\u0308tzt vor Schmutz und Staub und sorgt so fu\u0308r langanhaltende Freude &hellip;","protected":false},"author":4,"featured_media":0,"parent":0,"menu_order":0,"comment_status":"closed","ping_status":"closed","template":"page-templates\/page-template.php","meta":{"footnotes":""},"class_list":["post-6062","page","type-page","status-publish","hentry"],"_links":{"self":[{"href":"https:\/\/qflame.com\/fr\/wp-json\/wp\/v2\/pages\/6062","targetHints":{"allow":["GET"]}}],"collection":[{"href":"https:\/\/qflame.com\/fr\/wp-json\/wp\/v2\/pages"}],"about":[{"href":"https:\/\/qflame.com\/fr\/wp-json\/wp\/v2\/types\/page"}],"author":[{"embeddable":true,"href":"https:\/\/qflame.com\/fr\/wp-json\/wp\/v2\/users\/4"}],"replies":[{"embeddable":true,"href":"https:\/\/qflame.com\/fr\/wp-json\/wp\/v2\/comments?post=6062"}],"version-history":[{"count":0,"href":"https:\/\/qflame.com\/fr\/wp-json\/wp\/v2\/pages\/6062\/revisions"}],"wp:attachment":[{"href":"https:\/\/qflame.com\/fr\/wp-json\/wp\/v2\/media?parent=6062"}],"curies":[{"name":"wp","href":"https:\/\/api.w.org\/{rel}","templated":true}]}}