{"id":6825,"date":"2023-02-07T13:14:11","date_gmt":"2023-02-07T12:14:11","guid":{"rendered":"https:\/\/staging.q-flame.com\/?page_id=6825"},"modified":"2025-04-21T22:50:38","modified_gmt":"2025-04-21T20:50:38","slug":"devenir-revendeur","status":"publish","type":"page","link":"https:\/\/qflame.com\/fr\/haendler-werden\/","title":{"rendered":"Devenir revendeur"},"content":{"rendered":"<div class=\"wpb-content-wrapper\"><div class=\"section-element\"><div class=\"container\"><div class=\"row\"><div class=\"wpb_column column_container col-sm-2\"><div class=\"vc_column-inner\"><div class=\"wpb_wrapper\"><\/div><\/div><\/div><div class=\"wpb_column column_container col-sm-8\"><div class=\"vc_column-inner\"><div class=\"wpb_wrapper\">\n\t<div class=\"wpb_text_column wpb_content_element\" >\n\t\t<div class=\"wpb_wrapper\">\n\t\t\t<h1 class=\"vc_custom_heading font-rot\">Devenez revendeur pour des moments exclusifs.<\/h1>\n\n\t\t<\/div>\n\t<\/div>\n<div class=\"vc_empty_space\"   style=\"height: 40px\"><span class=\"vc_empty_space_inner\"><\/span><\/div>\n\t<div class=\"wpb_raw_code wpb_raw_html wpb_content_element\" >\n\t\t<div class=\"wpb_wrapper\">\n\t\t\t<hr class=\"red-devider\">\n\t\t<\/div>\n\t<\/div>\n<div class=\"vc_empty_space\"   style=\"height: 40px\"><span class=\"vc_empty_space_inner\"><\/span><\/div>\n\t<div class=\"wpb_text_column wpb_content_element vc_custom_1675772190366\" >\n\t\t<div class=\"wpb_wrapper\">\n\t\t\t<p>Vous recherchez une exp\u00e9rience \u00e9l\u00e9gante et impressionnante pour vos clients ?<br \/>\nLes braseros en verre QFlame allient un design exquis \u00e0 un confort de haute qualit\u00e9.\u00a0<strong>Adaptable \u00e0 tout environnement.<\/strong><\/p>\n<p>Nos braseros exclusifs sont fabriqu\u00e9s en verre de quartz haute puret\u00e9 100%.<br \/>\nLa surface rugueuse et opaque r\u00e9fracte la lumi\u00e8re de la flamme et la diffuse de mani\u00e8re diffuse.<\/p>\n<p><strong>La meilleure partie :<\/strong><br \/>\nNos ensembles individuels permettent d&#039;utiliser les braseros sur diff\u00e9rentes surfaces : dans le jardin, sur la terrasse ou m\u00eame sur la table.<\/p>\n<p><strong>Vous souhaitez devenir revendeur des braseros en verre QFlame ?<\/strong><br \/>\nAvec notre package marketing QFlame de soutien<br \/>\nvous pouvez commencer tout de suite et devenir revendeur pour tous les produits.<\/p>\n\n\t\t<\/div>\n\t<\/div>\n\n<div class=\"wpcf7 no-js\" id=\"wpcf7-f8620-o1\" lang=\"en-EN\" dir=\"ltr\" data-wpcf7-id=\"8620\">\n<div class=\"screen-reader-response\"><p role=\"status\" aria-live=\"polite\" aria-atomic=\"true\"><\/p> <ul><\/ul><\/div>\n<form action=\"\/fr\/wp-json\/wp\/v2\/pages\/6825#wpcf7-f8620-o1\" method=\"post\" class=\"wpcf7-form init\" aria-label=\"Formulaire de contact\" novalidate=\"novalidate\" data-status=\"init\" data-trp-original-action=\"\/fr\/wp-json\/wp\/v2\/pages\/6825#wpcf7-f8620-o1\">\n<fieldset class=\"hidden-fields-container\"><input type=\"hidden\" name=\"_wpcf7\" value=\"8620\" \/><input type=\"hidden\" name=\"_wpcf7_version\" value=\"6.1.5\" \/><input type=\"hidden\" name=\"_wpcf7_locale\" value=\"en_EN\" \/><input type=\"hidden\" name=\"_wpcf7_unit_tag\" value=\"wpcf7-f8620-o1\" \/><input type=\"hidden\" name=\"_wpcf7_container_post\" value=\"0\" \/><input type=\"hidden\" name=\"_wpcf7_posted_data_hash\" value=\"\" \/><input type=\"hidden\" name=\"_wpcf7_recaptcha_response\" value=\"\" \/>\n<\/fieldset>\n<p><span class=\"wpcf7-form-control-wrap\" data-name=\"your-company\"><input size=\"40\" maxlength=\"400\" class=\"wpcf7-form-control wpcf7-text\" aria-invalid=\"false\" value=\"Company\" type=\"text\" name=\"your-company\" \/><\/span>\n<\/p>\n<p><span class=\"wpcf7-form-control-wrap\" data-name=\"your-name\"><input size=\"40\" maxlength=\"400\" class=\"wpcf7-form-control wpcf7-text wpcf7-validates-as-required\" aria-required=\"true\" aria-invalid=\"false\" value=\"Last name, first name\" type=\"text\" name=\"your-name\" \/><\/span>\n<\/p>\n<p><span class=\"wpcf7-form-control-wrap\" data-name=\"your-branch\"><input size=\"40\" maxlength=\"400\" class=\"wpcf7-form-control wpcf7-text\" aria-invalid=\"false\" value=\"Branche\" type=\"text\" name=\"your-branch\" \/><\/span>\n<\/p>\n<p><span class=\"wpcf7-form-control-wrap\" data-name=\"your-address\"><input size=\"40\" maxlength=\"400\" class=\"wpcf7-form-control wpcf7-text wpcf7-validates-as-required\" aria-required=\"true\" aria-invalid=\"false\" value=\"Address\" type=\"text\" name=\"your-address\" \/><\/span>\n<\/p>\n<p><span class=\"wpcf7-form-control-wrap\" data-name=\"your-zip-code\"><input size=\"40\" maxlength=\"400\" class=\"wpcf7-form-control wpcf7-text wpcf7-validates-as-required\" aria-required=\"true\" aria-invalid=\"false\" value=\"Zip Code\" type=\"text\" name=\"your-zip-code\" \/><\/span><span class=\"wpcf7-form-control-wrap\" data-name=\"your-city\"><input size=\"40\" maxlength=\"400\" class=\"wpcf7-form-control wpcf7-text wpcf7-validates-as-required\" aria-required=\"true\" aria-invalid=\"false\" value=\"City\" type=\"text\" name=\"your-city\" \/><\/span>\n<\/p>\n<p><span class=\"wpcf7-form-control-wrap\" data-name=\"your-country\"><input size=\"40\" maxlength=\"400\" class=\"wpcf7-form-control wpcf7-text wpcf7-validates-as-required\" aria-required=\"true\" aria-invalid=\"false\" value=\"Country\" type=\"text\" name=\"your-country\" \/><\/span>\n<\/p>\n<p><span class=\"wpcf7-form-control-wrap\" data-name=\"your-vat\"><input size=\"40\" maxlength=\"400\" class=\"wpcf7-form-control wpcf7-text wpcf7-validates-as-required\" aria-required=\"true\" aria-invalid=\"false\" value=\"VAT number\" type=\"text\" name=\"your-vat\" \/><\/span>\n<\/p>\n<p><span class=\"wpcf7-form-control-wrap\" data-name=\"your-tel\"><input size=\"40\" maxlength=\"400\" class=\"wpcf7-form-control wpcf7-tel wpcf7-validates-as-required wpcf7-text wpcf7-validates-as-tel\" aria-required=\"true\" aria-invalid=\"false\" value=\"Phone\" type=\"tel\" name=\"your-tel\" \/><\/span>\n<\/p>\n<p><span class=\"wpcf7-form-control-wrap\" data-name=\"your-email\"><input size=\"40\" maxlength=\"400\" class=\"wpcf7-form-control wpcf7-email wpcf7-validates-as-required wpcf7-text wpcf7-validates-as-email\" aria-required=\"true\" aria-invalid=\"false\" value=\"E-Mail\" type=\"email\" name=\"your-email\" \/><\/span>\n<\/p>\n<p><span class=\"wpcf7-form-control-wrap\" data-name=\"your-website\"><input size=\"40\" maxlength=\"400\" class=\"wpcf7-form-control wpcf7-url wpcf7-text wpcf7-validates-as-url\" aria-invalid=\"false\" value=\"Website\" type=\"url\" name=\"your-website\" \/><\/span>\n<\/p>\n<p><span class=\"wpcf7-form-control-wrap\" data-name=\"your-subject\"><input size=\"40\" maxlength=\"400\" class=\"wpcf7-form-control wpcf7-text\" aria-invalid=\"false\" value=\"Subject\" type=\"text\" name=\"your-subject\" \/><\/span>\n<\/p>\n<p><span class=\"wpcf7-form-control-wrap\" data-name=\"your-message\"><textarea cols=\"40\" rows=\"10\" maxlength=\"2000\" class=\"wpcf7-form-control wpcf7-textarea\" aria-invalid=\"false\" name=\"your-message\">Message<\/textarea><\/span>\n<\/p>\n<p><span class=\"wpcf7-form-control-wrap\" data-name=\"checkbox-261\"><span class=\"wpcf7-form-control wpcf7-checkbox\"><span class=\"wpcf7-list-item first last\"><input type=\"checkbox\" name=\"checkbox-261[]\" value=\"I hereby accept the privacy policy.\" \/><span class=\"wpcf7-list-item-label\">J&#039;accepte par la pr\u00e9sente la politique de confidentialit\u00e9.<\/span><\/span><\/span><\/span><br \/>\n<span class=\"wpcf7-form-control-wrap\" data-name=\"checkbox-262\"><span class=\"wpcf7-form-control wpcf7-checkbox\"><span class=\"wpcf7-list-item first last\"><input type=\"checkbox\" name=\"checkbox-262[]\" value=\"I would like more information about the product.\" \/><span class=\"wpcf7-list-item-label\">J&#039;aimerais avoir plus d&#039;informations sur le produit.<\/span><\/span><\/span><\/span>\n<\/p>\n\n<p><input class=\"wpcf7-form-control wpcf7-submit has-spinner\" type=\"submit\" value=\"Envoyer une demande\" \/>\n<\/p><div class=\"wpcf7-response-output\" aria-hidden=\"true\"><\/div>\n<input type=\"hidden\" name=\"trp-form-language\" value=\"fr\"\/><\/form>\n<\/div>\n<div class=\"vc_empty_space\"   style=\"height: 32px\"><span class=\"vc_empty_space_inner\"><\/span><\/div><\/div><\/div><\/div><div class=\"wpb_column column_container col-sm-2\"><div class=\"vc_column-inner\"><div class=\"wpb_wrapper\"><\/div><\/div><\/div><\/div><\/div><\/div><div class=\"section-element\"><div class=\"container\"><div class=\"row\"><div class=\"wpb_column column_container col-sm-12\"><div class=\"vc_column-inner\"><div class=\"wpb_wrapper\"><div class=\"vc_row wpb_row vc_inner vc_row-fluid\"><div class=\"wpb_column column_container col-sm-4\"><div class=\"vc_column-inner\"><div class=\"wpb_wrapper\"><h3 style=\"text-align: center\" class=\"vc_custom_heading font-rot\">QFlame Pure<\/h3>\n\t<div class=\"wpb_text_column wpb_content_element\" >\n\t\t<div class=\"wpb_wrapper\">\n\t\t\t<p class=\"vc_custom_heading vc_custom_1674040410002\" style=\"text-align: center;\">D\u00e9couvrez-en plus sur nos braseros en verre de haute qualit\u00e9.<\/p>\n\n\t\t<\/div>\n\t<\/div>\n\n\t<div  class=\"wpb_single_image wpb_content_element vc_align_center wpb_content_element\">\n\t\t\n\t\t<figure class=\"wpb_wrapper vc_figure\">\n\t\t\t<div class=\"vc_single_image-wrapper   vc_box_border_grey\"><img loading=\"lazy\" decoding=\"async\" width=\"300\" height=\"300\" src=\"https:\/\/qflame.com\/wp-content\/uploads\/2022\/12\/f-qflame-pure-50-light-product-1-300x300.jpg\" class=\"vc_single_image-img attachment-medium\" alt=\"\" title=\"f-qflame-pure-50-light-produit-1\" srcset=\"https:\/\/qflame.com\/wp-content\/uploads\/2022\/12\/f-qflame-pure-50-light-product-1-300x300.jpg 300w, https:\/\/qflame.com\/wp-content\/uploads\/2022\/12\/f-qflame-pure-50-light-product-1-100x100.jpg 100w, https:\/\/qflame.com\/wp-content\/uploads\/2022\/12\/f-qflame-pure-50-light-product-1-600x600.jpg 600w, https:\/\/qflame.com\/wp-content\/uploads\/2022\/12\/f-qflame-pure-50-light-product-1-1024x1024.jpg 1024w, https:\/\/qflame.com\/wp-content\/uploads\/2022\/12\/f-qflame-pure-50-light-product-1-150x150.jpg 150w, https:\/\/qflame.com\/wp-content\/uploads\/2022\/12\/f-qflame-pure-50-light-product-1-768x768.jpg 768w, https:\/\/qflame.com\/wp-content\/uploads\/2022\/12\/f-qflame-pure-50-light-product-1-1536x1536.jpg 1536w, https:\/\/qflame.com\/wp-content\/uploads\/2022\/12\/f-qflame-pure-50-light-product-1-1170x1170.jpg 1170w, https:\/\/qflame.com\/wp-content\/uploads\/2022\/12\/f-qflame-pure-50-light-product-1.jpg 1920w\" sizes=\"auto, (max-width: 300px) 100vw, 300px\" \/><\/div>\n\t\t<\/figure>\n\t<\/div>\n<div class=\"vc_btn3-container vc_btn3-center vc_do_btn\" ><a class=\"vc_general vc_btn3 vc_btn3-size-md vc_btn3-shape-rounded vc_btn3-style-modern vc_btn3-color-grey\" href=\"https:\/\/qflame.com\/fr\/qflame-pure\/\" title=\"QFlame Pure\">Au produit<\/a><\/div><\/div><\/div><\/div><div class=\"wpb_column column_container col-sm-4\"><div class=\"vc_column-inner\"><div class=\"wpb_wrapper\"><h3 style=\"text-align: center\" class=\"vc_custom_heading font-rot\">Ensemble QFlame Classique<\/h3>\n\t<div class=\"wpb_text_column wpb_content_element\" >\n\t\t<div class=\"wpb_wrapper\">\n\t\t\t<p class=\"vc_custom_heading vc_custom_1674040410002\" style=\"text-align: center;\">D\u00e9couvrez nos superbes ensembles de braseros en verre avec base et couvercle assortis.<\/p>\n\n\t\t<\/div>\n\t<\/div>\n\n\t<div  class=\"wpb_single_image wpb_content_element vc_align_center wpb_content_element\">\n\t\t\n\t\t<figure class=\"wpb_wrapper vc_figure\">\n\t\t\t<div class=\"vc_single_image-wrapper   vc_box_border_grey\"><img loading=\"lazy\" decoding=\"async\" width=\"300\" height=\"300\" src=\"https:\/\/qflame.com\/wp-content\/uploads\/2022\/12\/e-qflame-set-classic-steel-50-light-product-1b-300x300.jpg\" class=\"vc_single_image-img attachment-medium\" alt=\"\" title=\"e-qflame-set-classic-steel-50-lumi\u00e8res-produit-1b\" srcset=\"https:\/\/qflame.com\/wp-content\/uploads\/2022\/12\/e-qflame-set-classic-steel-50-light-product-1b-300x300.jpg 300w, https:\/\/qflame.com\/wp-content\/uploads\/2022\/12\/e-qflame-set-classic-steel-50-light-product-1b-100x100.jpg 100w, https:\/\/qflame.com\/wp-content\/uploads\/2022\/12\/e-qflame-set-classic-steel-50-light-product-1b-600x600.jpg 600w, https:\/\/qflame.com\/wp-content\/uploads\/2022\/12\/e-qflame-set-classic-steel-50-light-product-1b-1024x1024.jpg 1024w, https:\/\/qflame.com\/wp-content\/uploads\/2022\/12\/e-qflame-set-classic-steel-50-light-product-1b-150x150.jpg 150w, https:\/\/qflame.com\/wp-content\/uploads\/2022\/12\/e-qflame-set-classic-steel-50-light-product-1b-768x768.jpg 768w, https:\/\/qflame.com\/wp-content\/uploads\/2022\/12\/e-qflame-set-classic-steel-50-light-product-1b-1536x1536.jpg 1536w, https:\/\/qflame.com\/wp-content\/uploads\/2022\/12\/e-qflame-set-classic-steel-50-light-product-1b-1170x1170.jpg 1170w, https:\/\/qflame.com\/wp-content\/uploads\/2022\/12\/e-qflame-set-classic-steel-50-light-product-1b.jpg 1920w\" sizes=\"auto, (max-width: 300px) 100vw, 300px\" \/><\/div>\n\t\t<\/figure>\n\t<\/div>\n<div class=\"vc_btn3-container vc_btn3-center vc_do_btn\" ><a class=\"vc_general vc_btn3 vc_btn3-size-md vc_btn3-shape-rounded vc_btn3-style-modern vc_btn3-color-grey\" href=\"https:\/\/qflame.com\/fr\/ensemble-qflame-classique\/\" title=\"Ensemble QFlame Classique\">Au produit<\/a><\/div><\/div><\/div><\/div><div class=\"wpb_column column_container col-sm-4\"><div class=\"vc_column-inner\"><div class=\"wpb_wrapper\"><h3 style=\"text-align: center\" class=\"vc_custom_heading font-rot\"><a href=\"https:\/\/qflame.com\/fr\/table-a-manger-qflame\/\">Table de service QFlame<\/a><\/h3>\n\t<div class=\"wpb_text_column wpb_content_element\" >\n\t\t<div class=\"wpb_wrapper\">\n\t\t\t<p class=\"vc_custom_heading vc_custom_1674040410002\" style=\"text-align: center;\">Cr\u00e9ez des moments romantiques avec le brasero QFlame Set Table.<\/p>\n\n\t\t<\/div>\n\t<\/div>\n\n\t<div  class=\"wpb_single_image wpb_content_element vc_align_center wpb_content_element\">\n\t\t\n\t\t<figure class=\"wpb_wrapper vc_figure\">\n\t\t\t<div class=\"vc_single_image-wrapper   vc_box_border_grey\"><img loading=\"lazy\" decoding=\"async\" width=\"300\" height=\"300\" src=\"https:\/\/qflame.com\/wp-content\/uploads\/2022\/12\/a-qflame-set-table-steel-light-product-1-300x300.jpg\" class=\"vc_single_image-img attachment-medium\" alt=\"\" title=\"a-qflame-set-table-acier-lumi\u00e8re-produit-1\" srcset=\"https:\/\/qflame.com\/wp-content\/uploads\/2022\/12\/a-qflame-set-table-steel-light-product-1-300x300.jpg 300w, https:\/\/qflame.com\/wp-content\/uploads\/2022\/12\/a-qflame-set-table-steel-light-product-1-100x100.jpg 100w, https:\/\/qflame.com\/wp-content\/uploads\/2022\/12\/a-qflame-set-table-steel-light-product-1-600x600.jpg 600w, https:\/\/qflame.com\/wp-content\/uploads\/2022\/12\/a-qflame-set-table-steel-light-product-1-1024x1024.jpg 1024w, https:\/\/qflame.com\/wp-content\/uploads\/2022\/12\/a-qflame-set-table-steel-light-product-1-150x150.jpg 150w, https:\/\/qflame.com\/wp-content\/uploads\/2022\/12\/a-qflame-set-table-steel-light-product-1-768x768.jpg 768w, https:\/\/qflame.com\/wp-content\/uploads\/2022\/12\/a-qflame-set-table-steel-light-product-1-1536x1536.jpg 1536w, https:\/\/qflame.com\/wp-content\/uploads\/2022\/12\/a-qflame-set-table-steel-light-product-1-1170x1170.jpg 1170w, https:\/\/qflame.com\/wp-content\/uploads\/2022\/12\/a-qflame-set-table-steel-light-product-1.jpg 1920w\" sizes=\"auto, (max-width: 300px) 100vw, 300px\" \/><\/div>\n\t\t<\/figure>\n\t<\/div>\n<div class=\"vc_btn3-container vc_btn3-center vc_do_btn\" ><a class=\"vc_general vc_btn3 vc_btn3-size-md vc_btn3-shape-rounded vc_btn3-style-modern vc_btn3-color-grey\" href=\"https:\/\/qflame.com\/fr\/table-a-manger-qflame\/\" title=\"Table de service QFlame\">Au produit<\/a><\/div><\/div><\/div><\/div><\/div><\/div><\/div><\/div><\/div><\/div><\/div>\n<\/div>","protected":false},"excerpt":{"rendered":"H\u00e4ndler f\u00fcr exklusive Momente werden. Sie suchen nach einem edlen und eindrucksvollen Erlebnis f\u00fcr Ihre Kunden? &hellip;","protected":false},"author":0,"featured_media":0,"parent":0,"menu_order":0,"comment_status":"closed","ping_status":"closed","template":"page-templates\/page-template.php","meta":{"footnotes":""},"class_list":["post-6825","page","type-page","status-publish","hentry"],"_links":{"self":[{"href":"https:\/\/qflame.com\/fr\/wp-json\/wp\/v2\/pages\/6825","targetHints":{"allow":["GET"]}}],"collection":[{"href":"https:\/\/qflame.com\/fr\/wp-json\/wp\/v2\/pages"}],"about":[{"href":"https:\/\/qflame.com\/fr\/wp-json\/wp\/v2\/types\/page"}],"replies":[{"embeddable":true,"href":"https:\/\/qflame.com\/fr\/wp-json\/wp\/v2\/comments?post=6825"}],"version-history":[{"count":0,"href":"https:\/\/qflame.com\/fr\/wp-json\/wp\/v2\/pages\/6825\/revisions"}],"wp:attachment":[{"href":"https:\/\/qflame.com\/fr\/wp-json\/wp\/v2\/media?parent=6825"}],"curies":[{"name":"wp","href":"https:\/\/api.w.org\/{rel}","templated":true}]}}